{"id":69,"date":"2020-08-24T17:30:11","date_gmt":"2020-08-24T15:30:11","guid":{"rendered":"https:\/\/spotmall.hr\/makarska\/?page_id=69"},"modified":"2020-09-24T10:14:40","modified_gmt":"2020-09-24T08:14:40","slug":"spot-info","status":"publish","type":"page","link":"https:\/\/spotmall.hr\/makarska\/spot-info\/","title":{"rendered":"SPOT info"},"content":{"rendered":"\n<section class=\"u-pt-3 u-pb-4\"><div class=\"o-container\"><div class=\"o-row u-items-center\"><div class=\"o-col-6@md u-mb-2 u-mb-0@md\"><img src=\"https:\/\/spotmall.hr\/makarska\/wp-content\/uploads\/sites\/2\/2020\/08\/content-pic-1.jpg\" alt=\"Highlight image\"\/><\/div><div class=\"o-col-6@md\"><h2 placeholder=\"Add your text here\" class=\"u-mb-0\">U sklopu centra za sve posjetitelje je osiguran besplatan internet.<\/h2><\/div><\/div><\/div><\/section>\n\n\n\n<section class=\"u-pt-3 u-pb-4\"><div class=\"o-container\"><div class=\"o-col-10@md o-col-9@lg o-col-8@xl\"><article class=\"c-wysiwyg\">\n<h1 placeholder=\"Add your text here\" class=\"u-text-primary\">SPOT shopping mall<br>O nama<\/h1>\n\n\n\n<p>SPOT shopping mall ne samo da je najve\u0107i trgova\u010dki centar na Makarskom primorju, ve\u0107 od samog otvaranja predstavlja nezaobilaznu shoppinga destinaciju i zabavu za cijelu obitelj. Kako volimo navesti SPOT je postao novi centar grada.<\/p>\n\n\n\n<p>Na tri eta\u017ee, gara\u017ea, prizemlje i prvi kat se nalazi preko 300 parking mjesta sa vi\u0161e od 30 razli\u010ditih prodajnih i uslu\u017enih mjesta za svakoga. Od navedenih kao najve\u0107e trgovine u centru izdavajamo TOMMY hipermarket, Muller na dvije eta\u017ee, New Yorker na dvije eta\u017ee, Intersport, Pepco, Mass, Optika ANDA, Galileo. Osim trgovina u SPOT-u su se smjestila i dva ugostiteljska branda Biberon (food&amp;cake&amp;drink) na katu i Blue Bar u prizemlju s nagalskom kako oba imaju vanjske terase. U prethodno navedeno u sklopu centra frizerski salon SIMPLE i CHIX threading bar.<\/p>\n\n\n\n<p>Do SPOT shopping centra se mo\u017ee do\u0107i kako pje\u0161ice zbog lokacije u centru Makarske, tako i iz udaljenih lokacija sredstvima javnog prijevoza jer se ispred centra nalazi autobusna stanica, a za sve koji dolaze osobnim automobilima imamo osiguran parking \u2013 vanjska i unutarnja gara\u017ena parking mjesta.<\/p>\n<\/article><\/div><\/div><\/section>\n","protected":false},"excerpt":{"rendered":"","protected":false},"author":1,"featured_media":261,"parent":0,"menu_order":0,"comment_status":"closed","ping_status":"closed","template":"templates\/info.php","meta":[],"_links":{"self":[{"href":"https:\/\/spotmall.hr\/makarska\/wp-json\/wp\/v2\/pages\/69"}],"collection":[{"href":"https:\/\/spotmall.hr\/makarska\/wp-json\/wp\/v2\/pages"}],"about":[{"href":"https:\/\/spotmall.hr\/makarska\/wp-json\/wp\/v2\/types\/page"}],"author":[{"embeddable":true,"href":"https:\/\/spotmall.hr\/makarska\/wp-json\/wp\/v2\/users\/1"}],"replies":[{"embeddable":true,"href":"https:\/\/spotmall.hr\/makarska\/wp-json\/wp\/v2\/comments?post=69"}],"version-history":[{"count":3,"href":"https:\/\/spotmall.hr\/makarska\/wp-json\/wp\/v2\/pages\/69\/revisions"}],"predecessor-version":[{"id":341,"href":"https:\/\/spotmall.hr\/makarska\/wp-json\/wp\/v2\/pages\/69\/revisions\/341"}],"wp:featuredmedia":[{"embeddable":true,"href":"https:\/\/spotmall.hr\/makarska\/wp-json\/wp\/v2\/media\/261"}],"wp:attachment":[{"href":"https:\/\/spotmall.hr\/makarska\/wp-json\/wp\/v2\/media?parent=69"}],"curies":[{"name":"wp","href":"https:\/\/api.w.org\/{rel}","templated":true}]}}