{"id":164,"date":"2020-08-27T14:17:46","date_gmt":"2020-08-27T12:17:46","guid":{"rendered":"https:\/\/spotmall.hr\/makarska\/?page_id=164"},"modified":"2020-09-24T10:12:24","modified_gmt":"2020-09-24T08:12:24","slug":"kucni-ljubimci","status":"publish","type":"page","link":"https:\/\/spotmall.hr\/makarska\/kucni-ljubimci\/","title":{"rendered":"Ku\u0107ni ljubimci"},"content":{"rendered":"\n<section class=\"u-pt-3 u-pb-4\"><div class=\"o-container\"><div class=\"o-col-10@md o-col-9@lg o-col-8@xl\"><article class=\"c-wysiwyg\">\n<h1 placeholder=\"Add your text here\" class=\"u-text-primary\">Ku\u0107ni ljubimci<\/h1>\n\n\n\n<p>Ku\u0107nim ljubimcima je dopu\u0161teno zajedno u pratnji vlasnika kretati se zajedni\u010dkim prostorima centra SPOT shopping mall-a:<\/p>\n\n\n\n<ul class=\"o-list-spread\"><li>na povodcu ili u zatvorenim ko\u0161arama\/kutijama.<\/li><li>na povodcu max du\u017eine 1,5 m i za pse koji su kategorizirani kao opasne pasmine sa brnjicom\u00a0<a rel=\"noreferrer noopener\" href=\"http:\/\/narodne-novine.nn.hr\/clanci\/sluzbeni\/287986.html\" target=\"_blank\">Narodne Novine<\/a>.<\/li><li>napomena kako svaki vlasnik\/skrbnik smije u zajedni\u010dke prostore SPOT shopping mall-a u\u0107i samo sa jednim ku\u0107nim ljubimcem.<\/li><li>svaka trgovina unutar SPOT shoping mall-a ima pravo prema vlastitim pravilima uskratiti dopu\u0161tenje za ulazak vlasnika s psom u svoju trgovinu.<\/li><\/ul>\n<\/article><\/div><\/div><\/section>\n","protected":false},"excerpt":{"rendered":"","protected":false},"author":1,"featured_media":165,"parent":0,"menu_order":0,"comment_status":"closed","ping_status":"closed","template":"","meta":[],"_links":{"self":[{"href":"https:\/\/spotmall.hr\/makarska\/wp-json\/wp\/v2\/pages\/164"}],"collection":[{"href":"https:\/\/spotmall.hr\/makarska\/wp-json\/wp\/v2\/pages"}],"about":[{"href":"https:\/\/spotmall.hr\/makarska\/wp-json\/wp\/v2\/types\/page"}],"author":[{"embeddable":true,"href":"https:\/\/spotmall.hr\/makarska\/wp-json\/wp\/v2\/users\/1"}],"replies":[{"embeddable":true,"href":"https:\/\/spotmall.hr\/makarska\/wp-json\/wp\/v2\/comments?post=164"}],"version-history":[{"count":3,"href":"https:\/\/spotmall.hr\/makarska\/wp-json\/wp\/v2\/pages\/164\/revisions"}],"predecessor-version":[{"id":413,"href":"https:\/\/spotmall.hr\/makarska\/wp-json\/wp\/v2\/pages\/164\/revisions\/413"}],"wp:featuredmedia":[{"embeddable":true,"href":"https:\/\/spotmall.hr\/makarska\/wp-json\/wp\/v2\/media\/165"}],"wp:attachment":[{"href":"https:\/\/spotmall.hr\/makarska\/wp-json\/wp\/v2\/media?parent=164"}],"curies":[{"name":"wp","href":"https:\/\/api.w.org\/{rel}","templated":true}]}}