{"id":19,"date":"2022-01-18T15:27:53","date_gmt":"2022-01-18T14:27:53","guid":{"rendered":"https:\/\/spotmall.hr\/korcula\/?page_id=19"},"modified":"2022-05-14T18:18:39","modified_gmt":"2022-05-14T16:18:39","slug":"spot-info","status":"publish","type":"page","link":"https:\/\/spotmall.hr\/korcula\/spot-info\/","title":{"rendered":"SPOT info"},"content":{"rendered":"\n<section class=\"u-pt-3 u-pb-4\"><div class=\"o-container\"><div class=\"o-row u-items-center\"><div class=\"o-col-6@md u-mb-2 u-mb-0@md\"><img src=\"https:\/\/spotmall.hr\/makarska\/wp-content\/uploads\/sites\/2\/2020\/08\/content-pic-1.jpg\" alt=\"Highlight image\"\/><\/div><div class=\"o-col-6@md\"><h2 placeholder=\"Add your text here\" class=\"u-mb-0\">U sklopu centra za sve posjetitelje je osiguran besplatan internet.<\/h2><\/div><\/div><\/div><\/section>\n\n\n\n<section class=\"u-pt-3 u-pb-4\"><div class=\"o-container\"><div class=\"o-col-10@md o-col-9@lg o-col-8@xl\"><article class=\"c-wysiwyg\">\n<h1 placeholder=\"Add your text here\" class=\"u-text-primary\">SPOT shopping mall<br>O nama<\/h1>\n\n\n\n<p>SPOT shopping mall ne samo da je najve\u0107i trgova\u010dki centar na Kor\u010duli, ve\u0107 od samog otvaranja predstavlja nezaobilaznu shoppinga destinaciju i zabavu za cijelu obitelj. Kako volimo navesti SPOT je postao novi centar grada.<\/p>\n\n\n\n<p>SPOT shopping mall koji se nalazi na samom ulazu u grad Kor\u010dulu, ulica Ante Star\u010devi\u0107a 6 &#8211; na ukupno preko 7.500 m2 zemlji\u0161ta, od \u010dega preko 6.000 m2 prodajnih povr\u0161ina na 4 eta\u017ee, vanjskim i gara\u017enim parkingom sa preko 300 parkirnih mjesta te preko 14 razli\u010ditih trgovina \u2013 za na\u0161e posjetitelje nudimo najbolje za njihovo vrijeme i novac.<\/p>\n\n\n\n<p>Od navedenih kao najve\u0107e trgovine u centru izdavajamo TOMMY hipermarket, BIPA, Jysk, KiK, Mana, Ljekarna Kor\u010dula, Planet obu\u0107a. Osim trgovina u SPOT-u se smjestio i ugostiteljski brand Kavana No1 sa terasom.<\/p>\n\n\n\n<p><\/p>\n<\/article><\/div><\/div><\/section>\n","protected":false},"excerpt":{"rendered":"","protected":false},"author":1,"featured_media":0,"parent":0,"menu_order":0,"comment_status":"closed","ping_status":"closed","template":"templates\/info.php","meta":[],"_links":{"self":[{"href":"https:\/\/spotmall.hr\/korcula\/wp-json\/wp\/v2\/pages\/19"}],"collection":[{"href":"https:\/\/spotmall.hr\/korcula\/wp-json\/wp\/v2\/pages"}],"about":[{"href":"https:\/\/spotmall.hr\/korcula\/wp-json\/wp\/v2\/types\/page"}],"author":[{"embeddable":true,"href":"https:\/\/spotmall.hr\/korcula\/wp-json\/wp\/v2\/users\/1"}],"replies":[{"embeddable":true,"href":"https:\/\/spotmall.hr\/korcula\/wp-json\/wp\/v2\/comments?post=19"}],"version-history":[{"count":4,"href":"https:\/\/spotmall.hr\/korcula\/wp-json\/wp\/v2\/pages\/19\/revisions"}],"predecessor-version":[{"id":2925,"href":"https:\/\/spotmall.hr\/korcula\/wp-json\/wp\/v2\/pages\/19\/revisions\/2925"}],"wp:attachment":[{"href":"https:\/\/spotmall.hr\/korcula\/wp-json\/wp\/v2\/media?parent=19"}],"curies":[{"name":"wp","href":"https:\/\/api.w.org\/{rel}","templated":true}]}}